{"id":82,"date":"2017-10-29T22:56:26","date_gmt":"2017-10-29T21:56:26","guid":{"rendered":"http:\/\/www.fenz.or.at\/?page_id=82"},"modified":"2017-11-01T11:09:10","modified_gmt":"2017-11-01T10:09:10","slug":"impressum","status":"publish","type":"page","link":"http:\/\/www.fenz.or.at\/?page_id=82","title":{"rendered":"Impressum"},"content":{"rendered":"<div id=\"medieninhaber\">\n<h2>Medieninhaber und Herausgeber<\/h2>\n<p id=\"familie\" class=\"popup\"><a title=\"Familie Knau\u00df\" href=\"http:\/\/www.fenzhof.com\/images\/impressum\/impressum_11.jpg\">\u00a0 <\/a><\/p>\n<p><strong>Fenzhof<\/strong><br \/>\n<strong>Knau\u00df Georg<br \/>\n<\/strong><\/p>\n<p>Spreitzweg 11<br \/>\n8971 Schladming<\/p>\n<p>\u00d6sterreich<\/p>\n<p>E-Mail: <a href=\"mailto:info@fenzhof.com\">georg.knauss@fenz.or.at<\/a><\/p>\n<p>&nbsp;<\/p>\n<p>&nbsp;<\/p>\n<p>&nbsp;<\/p>\n<\/div>\n<div id=\"haftungsausschluss\">\n<h2>Haftungsausschluss<\/h2>\n<p>&nbsp;<\/p>\n<h3>Allgemein<\/h3>\n<p>Alle Informationen und Erkl\u00e4rungen dieser Internetseiten sind unverbindlich. Der Medieninhaber sowie der Ersteller der Website \u00fcbernehmen f\u00fcr die Richtigkeit, Aktualit\u00e4t und Vollst\u00e4ndigkeit der Inhalte keine Gew\u00e4hr. Es ergeben sich keine Rechtsanspr\u00fcche aus den Inhalten der Internetseiten.<\/p>\n<p>Der Medieninhaber beh\u00e4lt es sich ausdr\u00fccklich vor, Teile der Seiten oder das gesamte Angebot ohne gesonderte Ank\u00fcndigung zu ver\u00e4ndern, zu l\u00f6schen oder die Ver\u00f6ffentlichung zeitweise oder endg\u00fcltig einzustellen.<\/p>\n<p>&nbsp;<\/p>\n<h3>Haftung<\/h3>\n<p>Der Medieninhaber bzw. Ersteller der Website haftet nicht f\u00fcr Sch\u00e4den, insbesondere nicht f\u00fcr unmittelbare oder mittelbare Folgesch\u00e4den, Datenverlust, entgangenen Gewinn, System- oder Produktionsausf\u00e4llen, die durch die Nutzung dieser Internetseiten oder das Herunterladen von Daten entstehen.<\/p>\n<p>Die Rechtsbeziehung, welche durch die Nutzung der Internetseiten entstanden ist, unterliegt dem Recht der Bundesrepublik \u00d6sterreich. Bei Rechtsstreitigkeiten, die sich aus der Nutzung dieser Website ergeben, ist der Gerichtsstand Schladming.<\/p>\n<p>&nbsp;<\/p>\n<h3>Verweise bzw. Links<\/h3>\n<p>Hiermit erkl\u00e4ren wir ausdr\u00fccklich, dass zum Zeitpunkt der Linksetzung keine illegalen Inhalte auf den verlinkten Seiten erkennbar waren. Auf die aktuelle und zuk\u00fcnftige Gestaltung, die Inhalte oder die Urheberschaft der verlinkten Seiten haben wir keinerlei Einfluss. Sollten diese verlinkten Seiten Inhalte rechtswidriger Art enthalten oder auch moralisch bedenklich sein, so distanzieren wir uns hiermit von diesen Inhalten und bitten darum uns davon in Kenntnis zu setzen und diese Links werden sofort aus dem Internetangebot entfernt.<\/p>\n<p>&nbsp;<\/p>\n<h3>Datenschutz<\/h3>\n<p>Die Internetseiten dieser Website k\u00f6nnen Sie im Normalfall aufrufen, ohne Angaben \u00fcber Ihre Person zu machen. Werden Ihr Name, Ihre Anschrift oder sonstige pers\u00f6nliche oder gesch\u00e4ftliche Daten von Ihnen eingegeben, so erfolgt die Bekanntgabe dieser Daten seitens des Nutzers auf ausdr\u00fccklich freiwilliger Basis.<\/p>\n<p>Wenn Sie sich entschlie\u00dfen, dem Medieninhaber pers\u00f6nliche Daten \u00fcber das Internet zu \u00fcberlassen, damit z. B. Korrespondenz abgewickelt oder eine Anmeldung ausgef\u00fchrt werden kann, so unterliegen diese Daten den strengen Regelungen des Datenschutzgesetzes (DSG 2000) der Republik \u00d6sterreich.<\/p>\n<p>&nbsp;<\/p>\n<h3>Information<\/h3>\n<p>Satzfehler, Programm\u00e4nderungen vorbehalten.<\/p>\n<\/div>\n","protected":false},"excerpt":{"rendered":"<p>Medieninhaber und Herausgeber \u00a0 Fenzhof Knau\u00df Georg Spreitzweg 11 8971 Schladming \u00d6sterreich E-Mail: georg.knauss@fenz.or.at &nbsp; &nbsp; &nbsp; Haftungsausschluss &nbsp; Allgemein Alle Informationen und Erkl\u00e4rungen dieser Internetseiten sind unverbindlich. Der Medieninhaber sowie der Ersteller der Website \u00fcbernehmen f\u00fcr die Richtigkeit, Aktualit\u00e4t &hellip; <a href=\"http:\/\/www.fenz.or.at\/?page_id=82\">Weiter<\/a><\/p>\n","protected":false},"author":1,"featured_media":0,"parent":0,"menu_order":0,"comment_status":"closed","ping_status":"closed","template":"","meta":{"footnotes":""},"class_list":["post-82","page","type-page","status-publish","hentry"],"_links":{"self":[{"href":"http:\/\/www.fenz.or.at\/index.php?rest_route=\/wp\/v2\/pages\/82","targetHints":{"allow":["GET"]}}],"collection":[{"href":"http:\/\/www.fenz.or.at\/index.php?rest_route=\/wp\/v2\/pages"}],"about":[{"href":"http:\/\/www.fenz.or.at\/index.php?rest_route=\/wp\/v2\/types\/page"}],"author":[{"embeddable":true,"href":"http:\/\/www.fenz.or.at\/index.php?rest_route=\/wp\/v2\/users\/1"}],"replies":[{"embeddable":true,"href":"http:\/\/www.fenz.or.at\/index.php?rest_route=%2Fwp%2Fv2%2Fcomments&post=82"}],"version-history":[{"count":5,"href":"http:\/\/www.fenz.or.at\/index.php?rest_route=\/wp\/v2\/pages\/82\/revisions"}],"predecessor-version":[{"id":118,"href":"http:\/\/www.fenz.or.at\/index.php?rest_route=\/wp\/v2\/pages\/82\/revisions\/118"}],"wp:attachment":[{"href":"http:\/\/www.fenz.or.at\/index.php?rest_route=%2Fwp%2Fv2%2Fmedia&parent=82"}],"curies":[{"name":"wp","href":"https:\/\/api.w.org\/{rel}","templated":true}]}}